{"id":12,"date":"2020-12-09T18:58:35","date_gmt":"2020-12-09T17:58:35","guid":{"rendered":"http:\/\/www.finanz-port.de\/?page_id=12"},"modified":"2021-02-17T11:02:49","modified_gmt":"2021-02-17T10:02:49","slug":"unternehmen","status":"publish","type":"page","link":"http:\/\/www.finanz-port.de\/index.php\/unternehmen\/","title":{"rendered":"Unternehmen"},"content":{"rendered":"\n<figure class=\"wp-block-gallery columns-1 is-cropped\"><ul class=\"blocks-gallery-grid\"><li class=\"blocks-gallery-item\"><figure><img loading=\"lazy\" width=\"1024\" height=\"336\" src=\"http:\/\/www.finanz-port.de\/wp-content\/uploads\/So\u0308ren-gerster-wordpress-1-1024x336.jpg\" alt=\"\" data-id=\"7388\" data-full-url=\"http:\/\/www.finanz-port.de\/wp-content\/uploads\/So\u0308ren-gerster-wordpress-1.jpg\" data-link=\"http:\/\/www.finanz-port.de\/index.php\/unternehmen\/so%cc%88ren-gerster-wordpress-1\/\" class=\"wp-image-7388\" srcset=\"http:\/\/www.finanz-port.de\/wp-content\/uploads\/So\u0308ren-gerster-wordpress-1-1024x336.jpg 1024w, http:\/\/www.finanz-port.de\/wp-content\/uploads\/So\u0308ren-gerster-wordpress-1-300x98.jpg 300w, http:\/\/www.finanz-port.de\/wp-content\/uploads\/So\u0308ren-gerster-wordpress-1-768x252.jpg 768w, http:\/\/www.finanz-port.de\/wp-content\/uploads\/So\u0308ren-gerster-wordpress-1-900x295.jpg 900w, http:\/\/www.finanz-port.de\/wp-content\/uploads\/So\u0308ren-gerster-wordpress-1.jpg 1220w\" sizes=\"(max-width: 1024px) 100vw, 1024px\" \/><\/figure><\/li><\/ul><\/figure>\n\n\n\n<p class=\"has-text-align-center has-normal-font-size\"><strong>       S\u00f6ren Gerster &#8211; Inhaber und Gesch\u00e4ftsf\u00fchrer \/ Certified Financial Planner<\/strong><\/p>\n\n\n\n<p><\/p>\n\n\n\n<p>Finanzport gibt Ihnen eine sichere Orientierung und Begleitung auf ihrem gesamten Lebensweg. Zusammenh\u00e4ngend und ganzheitlich. <br>Dabei bestimmen sie die Richtung und treffen zielgerichtete Entscheidungen f\u00fcr ihre finanzielle Lebensplanung.<\/p>\n\n\n\n<p>Die Vorteile der Finanz \u2013 und Verm\u00f6gensplanung mit Finanzport auf einen Blick:<br><br><\/p>\n\n\n\n<p class=\"has-normal-font-size\"><strong>Individuelle Strategie<\/strong><\/p>\n\n\n\n<p>Finanzplanung als integrierte und zielf\u00fchrende Strategie und Umsetzung, die ihre Pers\u00f6nlichkeit in den Mittelpunkt stellt und deren Richtung sie bestimmen.<br><\/p>\n\n\n\n<p><\/p>\n\n\n\n<p class=\"has-normal-font-size\"><strong>Optimale Beratung<\/strong><\/p>\n\n\n\n<p>Unsere hochqualifiziertren Finanzplaner beraten sie klar, verst\u00e4ndlich, neutral und pers\u00f6nlich. Mit dem Blick f\u00fcr das Wesentliche.<br><\/p>\n\n\n\n<p><\/p>\n\n\n\n<p class=\"has-normal-font-size\"><strong>Komplette Portfolios<\/strong><\/p>\n\n\n\n<p>Vorsorge- und Verm\u00f6gensprodukte erhalten sie bei uns aus einer Hand.<br><\/p>\n\n\n\n<p><\/p>\n\n\n\n<p class=\"has-normal-font-size\"><strong>Wertvolles Wissen<\/strong><\/p>\n\n\n\n<p>F\u00fcr ihren optimalen Durchblick f\u00fcr ihre Finanzplanung.<br><\/p>\n\n\n\n<p><\/p>\n\n\n\n<p class=\"has-normal-font-size\"><strong>Mehr Sicherheit<\/strong><\/p>\n\n\n\n<p>Kooperationen mit den gr\u00f6\u00dften Banken und Finanzdienstleistern der Welt.<br><\/p>\n\n\n\n<p><\/p>\n\n\n\n<p class=\"has-normal-font-size\"><strong>Bequeme Umsetzung<\/strong><\/p>\n\n\n\n<p>Durch ihren pers\u00f6nlichen Berater, online oder per Telefon.<\/p>\n","protected":false},"excerpt":{"rendered":"<p>S\u00f6ren Gerster &#8211; Inhaber und Gesch\u00e4ftsf\u00fchrer \/ Certified Financial Planner Finanzport gibt Ihnen eine sichere Orientierung und Begleitung auf ihrem gesamten Lebensweg. Zusammenh\u00e4ngend und ganzheitlich. Dabei bestimmen sie die Richtung und treffen zielgerichtete Entscheidungen f\u00fcr ihre finanzielle Lebensplanung. Die Vorteile der Finanz \u2013 und Verm\u00f6gensplanung mit Finanzport auf einen Blick: Individuelle Strategie Finanzplanung als integrierte<\/p>\n","protected":false},"author":1,"featured_media":0,"parent":0,"menu_order":0,"comment_status":"closed","ping_status":"closed","template":"","meta":[],"_links":{"self":[{"href":"http:\/\/www.finanz-port.de\/index.php\/wp-json\/wp\/v2\/pages\/12"}],"collection":[{"href":"http:\/\/www.finanz-port.de\/index.php\/wp-json\/wp\/v2\/pages"}],"about":[{"href":"http:\/\/www.finanz-port.de\/index.php\/wp-json\/wp\/v2\/types\/page"}],"author":[{"embeddable":true,"href":"http:\/\/www.finanz-port.de\/index.php\/wp-json\/wp\/v2\/users\/1"}],"replies":[{"embeddable":true,"href":"http:\/\/www.finanz-port.de\/index.php\/wp-json\/wp\/v2\/comments?post=12"}],"version-history":[{"count":17,"href":"http:\/\/www.finanz-port.de\/index.php\/wp-json\/wp\/v2\/pages\/12\/revisions"}],"predecessor-version":[{"id":7434,"href":"http:\/\/www.finanz-port.de\/index.php\/wp-json\/wp\/v2\/pages\/12\/revisions\/7434"}],"wp:attachment":[{"href":"http:\/\/www.finanz-port.de\/index.php\/wp-json\/wp\/v2\/media?parent=12"}],"curies":[{"name":"wp","href":"https:\/\/api.w.org\/{rel}","templated":true}]}}